{"id":158,"date":"2021-11-14T11:29:31","date_gmt":"2021-11-14T11:29:31","guid":{"rendered":"https:\/\/schach-in-nrw.de\/?page_id=158"},"modified":"2026-03-10T10:37:58","modified_gmt":"2026-03-10T10:37:58","slug":"158-2","status":"publish","type":"page","link":"https:\/\/schach-in-nrw.de\/?page_id=158","title":{"rendered":"Seminare 2026"},"content":{"rendered":"\n<figure class=\"wp-block-table\"><table><thead><tr><th>Seminar<\/th><th>Termin<\/th><th>Ort<\/th><th>Teilnehmer-<br>eigenleistung<\/th><\/tr><\/thead><tbody><tr><td>NEU<br><strong>B\/C-Trainer-Fortbildung<\/strong><br><strong>Lehrgangsnummer:<\/strong> 07-2026<br><strong>Meldeschluss:<\/strong> 19.09.2026<\/td><td><br>Teil 1, 10.10.2026<br>Teil 2, 07.11.2026<br><\/td><td>Duisburg<\/td><td>150 Euro<\/td><\/tr><tr><td><strong>B\/C-Trainer-Fortbildung<\/strong><br><strong>Lehrgangsnummer:<\/strong> 01-2026<br><strong>Ausgebucht<\/strong><\/td><td>Teil 1, 27.06.2026<br>Teil 2, 11.07.2026<\/td><td>Duisburg<\/td><td>150 Euro<\/td><\/tr><tr><td><strong>C-Trainer-Ausbildung<\/strong><br><strong>Lehrgangsnummer:<\/strong> 02-2026<br><strong>Ausgebucht<\/strong><\/td><td>Teil 1, 08.05. bis 10.05.2026<br>Teil 2, 29.05. bis 31.05.2026<br>Teil 3, 06.06.2026<br>Teil 4, 03.07. bis 05.07.2026<br>Teil 5, 18.09. bis 20.09.2026<br>Teil 6, 17.10.2026<br>Teil 7, 27.11. bis 29.11.2026<\/td><td>Hachen<br>Hachen<br>Online<br>Hachen<br>Hachen<br>Duisburg<br>Hachen<\/td><td>600 Euro<\/td><\/tr><tr><td><strong>Regionaler Schiedsrichter<br>Lizenz-Ausbildung<\/strong><br><strong>Meldeschluss:<\/strong> 25.03.2026<br><strong>Lehrgangsnummer:<\/strong> 05-2026<\/td><td>Teil 1, 11.04.2026<br>Teil 2, 18.04.2026<br>Teil 3, 09.05.2026<\/td><td>Hamm<\/td><td>60 Euro &#8211; Teilnehmergeb\u00fchr<br>25 Euro &#8211; FIDE-NA-Lizenz<br> 8 Euro &#8211; DSB-Ausweis<\/td><\/tr><tr><td><strong>Regionaler Schiedsrichter<br>Fortbildung<\/strong><br><strong>Meldeschluss:<\/strong> 25.03.2026<br><strong>Lehrgangsnummer:<\/strong> 06-2026<\/td><td>Teil 1, 18.04.2026<br>Teil 2, 09.05.2026<\/td><td>Hamm<\/td><td>35 Euro &#8211; Teilnehmergeb\u00fchr<br> 8 Euro &#8211; DSB-Ausweis<\/td><\/tr><tr><td><strong>Regionaler Schiedsrichter<br>Lizenz-Ausbildung<\/strong><br><strong>Meldeschluss:<\/strong> 19.08.2026<br><strong>Lehrgangsnummer:<\/strong> 03-2026<\/td><td>Teil 1, 05.09.2026<br>Teil 2, 12.09.2026<br>Teil 3, 26.09.2026<\/td><td>Duisburg<\/td><td>60 Euro &#8211; Teilnehmergeb\u00fchr<br>25 Euro &#8211; FIDE-NA-Lizenz<br> 8 Euro &#8211; DSB-Ausweis<\/td><\/tr><tr><td><strong>Regionaler Schiedsrichter<br>Fortbildung<\/strong><br><strong>Meldeschluss:<\/strong> 19.08.2026<br><strong>Lehrgangsnummer:<\/strong> 04-2026<\/td><td>Teil 1, 12.09.2026<br>Teil 2, 26.09.2026<\/td><td>Duisburg<\/td><td>35 Euro &#8211; Teilnehmergeb\u00fchr<br> 8 Euro &#8211; DSB-Ausweis<\/td><\/tr><\/tbody><\/table><\/figure>\n\n\n\n<p><strong>*<\/strong>Unterbringung in Hachen erfolgt in der Regel im Doppelzimmer. Einzelzimmer k\u00f6nnen unserseits nicht garantiert werden und kosten ggf. einen Zuschlag.<\/p>\n\n\n\n<p><a href=\"https:\/\/schach-in-nrw.de\/rc\/download\/anmeldung.pdf\" data-type=\"URL\" data-id=\"https:\/\/schach-in-nrw.de\/rc\/download\/anmeldung.pdf\">ANMELDEFORMULAR<\/a>&nbsp;&nbsp;<a href=\"https:\/\/schach-in-nrw.de\/?page_id=160\" data-type=\"link\" data-id=\"https:\/\/schach-in-nrw.de\/?page_id=160\">(AGB)<\/a><br><br>Die Seminare finden statt, in<br>Hamm &#8211; Hammer SC 2008 e. V., Hubert-Westermeier-Stra\u00dfe 4, &nbsp;59069 Hamm<br>Duisburg &#8211; R\u00e4umlichkeiten der Gesch\u00e4ftsstelle in Duisburg-Gro\u00dfenbaum, Gro\u00dfenbaumer Allee 121&nbsp;<br>Hachen &#8211;&nbsp;Sport- und Tagungszentrum Hachen,&nbsp;Am Holthahn 1, 59846 Sundern (Sauerland)<\/p>\n","protected":false},"excerpt":{"rendered":"<p>Seminar Termin Ort Teilnehmer-eigenleistung NEUB\/C-Trainer-FortbildungLehrgangsnummer: 07-2026Meldeschluss: 19.09.2026 Teil 1, 10.10.2026Teil 2, 07.11.2026 Duisburg 150 Euro B\/C-Trainer-FortbildungLehrgangsnummer: 01-2026Ausgebucht Teil 1, 27.06.2026Teil 2, 11.07.2026 Duisburg 150 Euro C-Trainer-AusbildungLehrgangsnummer: 02-2026Ausgebucht Teil 1, 08.05. bis 10.05.2026Teil 2, 29.05. bis 31.05.2026Teil 3, 06.06.2026Teil 4, 03.07. bis 05.07.2026Teil 5, 18.09. bis 20.09.2026Teil 6, 17.10.2026Teil 7, 27.11. bis 29.11.2026 HachenHachenOnlineHachenHachenDuisburgHachen 600 Euro [&hellip;]<\/p>\n","protected":false},"author":1,"featured_media":0,"parent":0,"menu_order":0,"comment_status":"closed","ping_status":"closed","template":"","meta":{"footnotes":""},"class_list":["post-158","page","type-page","status-publish","hentry"],"_links":{"self":[{"href":"https:\/\/schach-in-nrw.de\/index.php?rest_route=\/wp\/v2\/pages\/158","targetHints":{"allow":["GET"]}}],"collection":[{"href":"https:\/\/schach-in-nrw.de\/index.php?rest_route=\/wp\/v2\/pages"}],"about":[{"href":"https:\/\/schach-in-nrw.de\/index.php?rest_route=\/wp\/v2\/types\/page"}],"author":[{"embeddable":true,"href":"https:\/\/schach-in-nrw.de\/index.php?rest_route=\/wp\/v2\/users\/1"}],"replies":[{"embeddable":true,"href":"https:\/\/schach-in-nrw.de\/index.php?rest_route=%2Fwp%2Fv2%2Fcomments&post=158"}],"version-history":[{"count":77,"href":"https:\/\/schach-in-nrw.de\/index.php?rest_route=\/wp\/v2\/pages\/158\/revisions"}],"predecessor-version":[{"id":3105,"href":"https:\/\/schach-in-nrw.de\/index.php?rest_route=\/wp\/v2\/pages\/158\/revisions\/3105"}],"wp:attachment":[{"href":"https:\/\/schach-in-nrw.de\/index.php?rest_route=%2Fwp%2Fv2%2Fmedia&parent=158"}],"curies":[{"name":"wp","href":"https:\/\/api.w.org\/{rel}","templated":true}]}}