{"id":199,"date":"2021-11-14T12:26:59","date_gmt":"2021-11-14T12:26:59","guid":{"rendered":"https:\/\/schach-in-nrw.de\/?page_id=199"},"modified":"2024-04-13T11:21:49","modified_gmt":"2024-04-13T11:21:49","slug":"geschaeftsfuehrende-praesidium","status":"publish","type":"page","link":"https:\/\/schach-in-nrw.de\/?page_id=199","title":{"rendered":"Gesch\u00e4ftsf\u00fchrendes Pr\u00e4sidium"},"content":{"rendered":"\n<p>Der Schachbund NRW pflegt und f\u00f6rdert Schach als sportliche Disziplin, die in besonderem Ma\u00dfe geeignet ist, der geistigen und k\u00f6rperlichen Entwicklung zu dienen. Im Schachbund NRW sind ca. 18.000 Mitglieder in 407 Vereinen organisiert. Rund 4.700 Mitglieder sind dem Jugendbereich zuzuordnen. Dem Schachbund NRW geh\u00f6ren 6 Unterverb\u00e4nde mit insgesamt 29 Schachbezirken als Unterorganisation an.<\/p>\n\n\n\n<p>Das gesch\u00e4ftsf\u00fchrende Pr\u00e4sidium:<\/p>\n\n\n\n<figure class=\"wp-block-image size-full is-resized\"><img loading=\"lazy\" decoding=\"async\" width=\"600\" height=\"900\" src=\"https:\/\/schach-in-nrw.de\/wp-content\/uploads\/2024\/04\/RCR-2024.jpg\" alt=\"\" class=\"wp-image-2096\" style=\"width:152px;height:auto\" srcset=\"https:\/\/schach-in-nrw.de\/wp-content\/uploads\/2024\/04\/RCR-2024.jpg 600w, https:\/\/schach-in-nrw.de\/wp-content\/uploads\/2024\/04\/RCR-2024-400x600.jpg 400w, https:\/\/schach-in-nrw.de\/wp-content\/uploads\/2024\/04\/RCR-2024-200x300.jpg 200w\" sizes=\"auto, (max-width: 600px) 100vw, 600px\" \/><\/figure>\n\n\n\n<p>Pr\u00e4sident &#8211; <strong>Ralf Chadt-Rausch<\/strong><br>Oberdorfstra\u00dfe 28, 44309 Dortmund,&nbsp;<br>Tel.&nbsp;0170 5211286, <a href=\"mailto:r-chadt@t-online.de\">r-chadt@t-online.de<\/a><\/p>\n\n\n\n<figure class=\"wp-block-image is-resized\"><img decoding=\"async\" src=\"https:\/\/schach-in-nrw.de\/wp-content\/uploads\/2021\/11\/ow.jpg\" alt=\"\" style=\"width:144px;height:185px\"\/><\/figure>\n\n\n\n<p>Vizepr\u00e4sident Finanzen<strong> &#8211; Olaf Winterwerb<\/strong><br>Weidegrund 41, 59557 Lippstadt&nbsp;<br>Tel. 02941 14093, <a href=\"mailto:o.winterwerb@o2online.de\">o.winterwerb@o2online.de<\/a><\/p>\n\n\n\n<figure class=\"wp-block-image is-resized\"><img decoding=\"async\" src=\"https:\/\/schach-in-nrw.de\/wp-content\/uploads\/2021\/11\/aj.jpg\" alt=\"\" style=\"width:147px;height:219px\"\/><\/figure>\n\n\n\n<p>Vizepr\u00e4sident Leistungs- u. Breitensport &#8211; <strong>Andreas Jagodzinsky<br><\/strong>Beethovenstra\u00dfe. 26, 58675 Hemer<br>Tel.:&nbsp;0163 2925106, <a href=\"mailto:andreas.jagodzinsky@schach-nrw.de\">andreas.jagodzinsky@schach-nrw.de<\/a><\/p>\n","protected":false},"excerpt":{"rendered":"<p>Der Schachbund NRW pflegt und f\u00f6rdert Schach als sportliche Disziplin, die in besonderem Ma\u00dfe geeignet ist, der geistigen und k\u00f6rperlichen Entwicklung zu dienen. Im Schachbund NRW sind ca. 18.000 Mitglieder in 407 Vereinen organisiert. Rund 4.700 Mitglieder sind dem Jugendbereich zuzuordnen. Dem Schachbund NRW geh\u00f6ren 6 Unterverb\u00e4nde mit insgesamt 29 Schachbezirken als Unterorganisation an. Das [&hellip;]<\/p>\n","protected":false},"author":1,"featured_media":0,"parent":0,"menu_order":0,"comment_status":"closed","ping_status":"closed","template":"","meta":{"footnotes":""},"class_list":["post-199","page","type-page","status-publish","hentry"],"_links":{"self":[{"href":"https:\/\/schach-in-nrw.de\/index.php?rest_route=\/wp\/v2\/pages\/199","targetHints":{"allow":["GET"]}}],"collection":[{"href":"https:\/\/schach-in-nrw.de\/index.php?rest_route=\/wp\/v2\/pages"}],"about":[{"href":"https:\/\/schach-in-nrw.de\/index.php?rest_route=\/wp\/v2\/types\/page"}],"author":[{"embeddable":true,"href":"https:\/\/schach-in-nrw.de\/index.php?rest_route=\/wp\/v2\/users\/1"}],"replies":[{"embeddable":true,"href":"https:\/\/schach-in-nrw.de\/index.php?rest_route=%2Fwp%2Fv2%2Fcomments&post=199"}],"version-history":[{"count":5,"href":"https:\/\/schach-in-nrw.de\/index.php?rest_route=\/wp\/v2\/pages\/199\/revisions"}],"predecessor-version":[{"id":2098,"href":"https:\/\/schach-in-nrw.de\/index.php?rest_route=\/wp\/v2\/pages\/199\/revisions\/2098"}],"wp:attachment":[{"href":"https:\/\/schach-in-nrw.de\/index.php?rest_route=%2Fwp%2Fv2%2Fmedia&parent=199"}],"curies":[{"name":"wp","href":"https:\/\/api.w.org\/{rel}","templated":true}]}}