{"id":2022,"date":"2024-02-29T09:05:53","date_gmt":"2024-02-29T09:05:53","guid":{"rendered":"https:\/\/schach-in-nrw.de\/?page_id=2022"},"modified":"2025-01-28T09:31:30","modified_gmt":"2025-01-28T09:31:30","slug":"hinweise-zum-mitgliederportal","status":"publish","type":"page","link":"https:\/\/schach-in-nrw.de\/?page_id=2022","title":{"rendered":"Wichtige Hinweise &#8211; Mitgliederportal"},"content":{"rendered":"\n<p>Stand: 28.01.2025<\/p>\n\n\n\n<p><strong>Mitgliederportal &#8211; Support f\u00fcr den Schachbund NRW<\/strong><br>Mailanschrift: <a href=\"mailto:r-chadt@t-online.de\">r-chadt@t-online.de<\/a><\/p>\n\n\n\n<p><strong>Anmeldung und Zugang:<\/strong><br>Um Zugang zum Mitgliederportal zu erhalten, besuchen Sie bitte folgenden Link: <a href=\"https:\/\/dsb-schach.liga.nu\/cgi-bin\/WebObjects\/nuLigaSCHACHDE.woa\/wa\/home\">Mitgliederportal Link<\/a><\/p>\n\n\n\n<ul class=\"wp-block-list\">\n<li>Der Benutzername ist die E-Mail-Adresse des Administrators, die im System hinterlegt ist.<\/li>\n\n\n\n<li>Es k\u00f6nnen bis zu drei Administratoren f\u00fcr den Verein registriert werden. Der Administrator kann in der Mitgliedskarte des betreffenden Mitglieds als solcher markiert werden. Wichtig ist, dass das Mitglied eine g\u00fcltige E-Mail-Adresse hinterlegt hat. Nach dem Speichern erh\u00e4lt das Mitglied eine E-Mail mit den Zugangsdaten.<\/li>\n<\/ul>\n\n\n\n<p><strong>Abmeldung des Vereins<\/strong><br>Eine Abmeldung des Vereins kann nicht durch eine Abmeldung der Mitglieder erfolgen! <br>Die Abmeldung eines Vereins beim Schachbund NRW erfolgt auf Antrag des Vereins. Der Antrag ist formlos und mindestens 30 Tage vor dem Abmeldetermin bei der Gesch\u00e4ftsstelle des Schachbundes NRW einzureichen. <br>Mit dem Antrag sind die Abmeldungen beim Bezirk sowie beim Kreis- oder Stadtsportbund (entf\u00e4llt bei Abmeldung einer Schachabteilung) vorzulegen. Au\u00dferdem ist die Nennung des Abwicklers (Liquidator) mit Anschrift im Antrag anzugeben.<\/p>\n\n\n\n<p><strong>Abmeldung verstorbener Mitglieder<\/strong><br>Bevor man eine verstorbene Person abmeldet, ist das Datum des Ablebens in der Kartei des Mitgliedes einzutragen. Anschlie\u00dfend erfolgt die Abmeldung \u00fcber das Men\u00fc &#8222;Spielgenehmigung&#8220;.<\/p>\n\n\n\n<p><strong>Anmeldung<\/strong><br>Bei der Anmeldung sind folgende Angaben erforderlich: Name, Vorname, Anschrift (Stra\u00dfe, Hausnummer, PLZ, Ort), Geburtsdatum, Geschlecht, Staatsangeh\u00f6rigkeit. Bei Fehlen einer erforderlichen Angabe kann der Antrag nicht bearbeitet werden und wird abgelehnt.<\/p>\n\n\n\n<p><strong>Anmeldung, Abmeldung usw. von Mitgliedern<\/strong><br>An- und Abmeldungen, Vereinswechsel, \u00c4nderungen des Status usw. von Mitgliedern erfolgen \u00fcber das Men\u00fc &#8222;Spielgenehmigung&#8220;.<\/p>\n\n\n\n<ul class=\"wp-block-list\">\n<li>R\u00fcckdatierungen vor dem Eingabedatum des Vereins von Mitgliedern im Mitgliederportal bei An- oder Abmeldungen oder bei Vereinswechseln sind nicht zul\u00e4ssig.<\/li>\n<\/ul>\n\n\n\n<p><strong>\u00c4nderungen der Anschrift bei Administratoren<\/strong><br>Die \u00c4nderung der Anschrift von Administratoren kann nur in dem Profilbereich des Administrators ge\u00e4ndert werden.<\/p>\n\n\n\n<p><strong>\u00c4nderung des Passworts<\/strong><br>Falls Sie Ihr Passwort \u00e4ndern m\u00f6chten, klicken Sie bitte auf &#8222;Passwort vergessen&#8220; beim Login. Dort k\u00f6nnen Sie auch ein neues Passwort festlegen. Hier ist der Link zum Login: <a href=\"https:\/\/dsb-schach.liga.nu\/cgi-bin\/WebObjects\/nuLigaSCHACHDE.woa\/wa\/home\">Login zum Mitgliederportal<\/a><\/p>\n\n\n\n<p><strong>Au\u00dferordentliche Mitgliedschaft<\/strong><br>Au\u00dferordentliche Mitglieder (passive erwachsene Mitglieder ohne Spielberechtigung) sind im Mitgliederportal als Sondermitglied unter Sondermitgliedschaft einzutragen.<br>Besteht f\u00fcr das Mitglied in dem Verein bereits eine Spielberechtigung\/Mitgliedschaft (passiv\/aktiv) ist diese vorher zu beenden und dann erst, nach der Best\u00e4tigung der Bearbeitung, die Sondermitgliedschaft einzurichten.<\/p>\n\n\n\n<p><strong>Bearbeitungszeit von Antr\u00e4gen&nbsp;<\/strong><br>In der Regel werden innerhalb von 48 Stunden die vorliegenden Antr\u00e4ge bearbeitet. <\/p>\n\n\n\n<p><strong>Eingabe von Daten ins Mitgliederportal\u00a0<\/strong><br>In den Feldern darf <strong>kein Komma<\/strong> eingegeben werden, da es zu Exportproblemen f\u00fchrt.<br>Bei Anschriften von Mitgliedern, die sich au\u00dferhalb Deutschland befinden, ist bei der Postleitzahl die L\u00e4nderkennung vor der Postleitzahl einzugeben (Beispiel &#8211; Postleitzahl:\u00a0<strong>1082<\/strong> in Belgien:\u00a0Kennung:\u00a0<strong>B<\/strong>, dann geben Sie in das Feld Postleitzahl bitte ein:\u00a0&#8222;<strong>B1082<\/strong>&#8222;).<\/p>\n\n\n\n<p><strong>Fehlen einer bestehenden FIDE-ID<\/strong> <br>Fehlt bei einem Mitglied des Schachbundes NRW  nach drei Tagen der Anmeldung  im Mitgliederportal eine bestehende FIDE-ID, kann sich der Verein per E-Mail an <a class=\"\" href=\"mailto:r-chadt@t-online.de\" target=\"_blank\" rel=\"noreferrer noopener\">r-chadt@t-online.de<\/a> wenden. Bitte geben Sie dabei die Daten des Mitglieds an (Name, Vorname, FIDE-ID, Federation), um einen Nachtrag vorzunehmen.<\/p>\n\n\n\n<p><strong>Funktion\u00e4re Verband oder Bezirk &#8211; E-Mail-Adresse<\/strong><br>F\u00fcr Funktion\u00e4re im Verband oder Bezirk ist die Angabe einer E-Mail-Adresse verpflichtend.<\/p>\n\n\n\n<p><strong>Trainerlizenz A\/B\/C<\/strong><br>Die Vereine k\u00f6nnen \u00fcber das Mitgliederportal eine Liste der g\u00fcltigen Trainerlizenzen der Vereinsmitglieder einsehen.<br>Hierzu im Mitgliederportal der Vereine unter dem Men\u00fcpunkt \u201eMitglieder\u201c zu \u201ePersonen\u201c und w\u00e4hle den Reiter \u201eTrainerlizenzen\u201c. Nach der Suche werden alle Mitglieder mit g\u00fcltigen Trainerlizenzen angezeigt.<\/p>\n","protected":false},"excerpt":{"rendered":"<p>Stand: 28.01.2025 Mitgliederportal &#8211; Support f\u00fcr den Schachbund NRWMailanschrift: r-chadt@t-online.de Anmeldung und Zugang:Um Zugang zum Mitgliederportal zu erhalten, besuchen Sie bitte folgenden Link: Mitgliederportal Link Abmeldung des VereinsEine Abmeldung des Vereins kann nicht durch eine Abmeldung der Mitglieder erfolgen! Die Abmeldung eines Vereins beim Schachbund NRW erfolgt auf Antrag des Vereins. Der Antrag ist formlos [&hellip;]<\/p>\n","protected":false},"author":1,"featured_media":0,"parent":0,"menu_order":0,"comment_status":"closed","ping_status":"closed","template":"","meta":{"footnotes":""},"class_list":["post-2022","page","type-page","status-publish","hentry"],"_links":{"self":[{"href":"https:\/\/schach-in-nrw.de\/index.php?rest_route=\/wp\/v2\/pages\/2022","targetHints":{"allow":["GET"]}}],"collection":[{"href":"https:\/\/schach-in-nrw.de\/index.php?rest_route=\/wp\/v2\/pages"}],"about":[{"href":"https:\/\/schach-in-nrw.de\/index.php?rest_route=\/wp\/v2\/types\/page"}],"author":[{"embeddable":true,"href":"https:\/\/schach-in-nrw.de\/index.php?rest_route=\/wp\/v2\/users\/1"}],"replies":[{"embeddable":true,"href":"https:\/\/schach-in-nrw.de\/index.php?rest_route=%2Fwp%2Fv2%2Fcomments&post=2022"}],"version-history":[{"count":36,"href":"https:\/\/schach-in-nrw.de\/index.php?rest_route=\/wp\/v2\/pages\/2022\/revisions"}],"predecessor-version":[{"id":2548,"href":"https:\/\/schach-in-nrw.de\/index.php?rest_route=\/wp\/v2\/pages\/2022\/revisions\/2548"}],"wp:attachment":[{"href":"https:\/\/schach-in-nrw.de\/index.php?rest_route=%2Fwp%2Fv2%2Fmedia&parent=2022"}],"curies":[{"name":"wp","href":"https:\/\/api.w.org\/{rel}","templated":true}]}}