{"id":208,"date":"2021-11-14T12:40:21","date_gmt":"2021-11-14T12:40:21","guid":{"rendered":"https:\/\/schach-in-nrw.de\/?page_id=208"},"modified":"2025-08-23T10:29:42","modified_gmt":"2025-08-23T10:29:42","slug":"geschaeftsstelle","status":"publish","type":"page","link":"https:\/\/schach-in-nrw.de\/?page_id=208","title":{"rendered":"Gesch\u00e4ftsstelle"},"content":{"rendered":"\n<p><strong>Leiter der Gesch\u00e4ftsstelle<\/strong><\/p>\n\n\n\n<p>Ralf Chadt-Rausch<\/p>\n\n\n\n<p><strong>Mitarbeiterin<\/strong><\/p>\n\n\n\n<p>Lena Kapica<\/p>\n\n\n\n<p><strong>B\u00fcrozeiten der Gesch\u00e4ftsstelle<\/strong>:<br>Montag &#8211; Donnerstag: 8.30 &#8211; 12.00 Uhr sind wir unter folgender <br>Telefonnummer (0203) 72 78 40 zu erreichen.<br>Sie k\u00f6nnen uns auch eine Mail\u00a0<a href=\"mailto:info@schach-nrw.de\">info@schach-in-nrw.de<\/a>\u00a0senden. Besuche der Gesch\u00e4ftsstelle bitte nach vorheriger Terminabsprache.<\/p>\n\n\n\n<p><strong>Postanschrift:&nbsp;<\/strong><br>Schachbund NRW e. V., Gro\u00dfenbaumer Allee 121, 47269 Duisburg&nbsp;<br><br><strong>Bankverbindung:<\/strong><br>Dortmunder Volksbank eG&nbsp;<br>IBAN DE41 4416 0014 6345 2522 00<br>SWIFT\/BIC GENODEM1DOR<\/p>\n","protected":false},"excerpt":{"rendered":"<p>Leiter der Gesch\u00e4ftsstelle Ralf Chadt-Rausch Mitarbeiterin Lena Kapica B\u00fcrozeiten der Gesch\u00e4ftsstelle:Montag &#8211; Donnerstag: 8.30 &#8211; 12.00 Uhr sind wir unter folgender Telefonnummer (0203) 72 78 40 zu erreichen.Sie k\u00f6nnen uns auch eine Mail\u00a0info@schach-in-nrw.de\u00a0senden. Besuche der Gesch\u00e4ftsstelle bitte nach vorheriger Terminabsprache. Postanschrift:&nbsp;Schachbund NRW e. V., Gro\u00dfenbaumer Allee 121, 47269 Duisburg&nbsp; Bankverbindung:Dortmunder Volksbank eG&nbsp;IBAN DE41 4416 0014 [&hellip;]<\/p>\n","protected":false},"author":1,"featured_media":0,"parent":0,"menu_order":0,"comment_status":"closed","ping_status":"closed","template":"","meta":{"footnotes":""},"class_list":["post-208","page","type-page","status-publish","hentry"],"_links":{"self":[{"href":"https:\/\/schach-in-nrw.de\/index.php?rest_route=\/wp\/v2\/pages\/208","targetHints":{"allow":["GET"]}}],"collection":[{"href":"https:\/\/schach-in-nrw.de\/index.php?rest_route=\/wp\/v2\/pages"}],"about":[{"href":"https:\/\/schach-in-nrw.de\/index.php?rest_route=\/wp\/v2\/types\/page"}],"author":[{"embeddable":true,"href":"https:\/\/schach-in-nrw.de\/index.php?rest_route=\/wp\/v2\/users\/1"}],"replies":[{"embeddable":true,"href":"https:\/\/schach-in-nrw.de\/index.php?rest_route=%2Fwp%2Fv2%2Fcomments&post=208"}],"version-history":[{"count":1,"href":"https:\/\/schach-in-nrw.de\/index.php?rest_route=\/wp\/v2\/pages\/208\/revisions"}],"predecessor-version":[{"id":2875,"href":"https:\/\/schach-in-nrw.de\/index.php?rest_route=\/wp\/v2\/pages\/208\/revisions\/2875"}],"wp:attachment":[{"href":"https:\/\/schach-in-nrw.de\/index.php?rest_route=%2Fwp%2Fv2%2Fmedia&parent=208"}],"curies":[{"name":"wp","href":"https:\/\/api.w.org\/{rel}","templated":true}]}}