{"id":210,"date":"2021-11-14T12:41:03","date_gmt":"2021-11-14T12:41:03","guid":{"rendered":"https:\/\/schach-in-nrw.de\/?page_id=210"},"modified":"2026-03-25T18:23:26","modified_gmt":"2026-03-25T18:23:26","slug":"praesidium","status":"publish","type":"page","link":"https:\/\/schach-in-nrw.de\/?page_id=210","title":{"rendered":"Pr\u00e4sidium"},"content":{"rendered":"\n<p><strong>Pr\u00e4sident<\/strong><br>Ralf Chadt-Rausch, Oberdorfstra\u00dfe 28, 44309 Dortmund, Tel.: 0170 5211286, E-Mail:&nbsp;<a href=\"mailto:r-chadt@t-online.de\">r-chadt@t-online.de<\/a><\/p>\n\n\n\n<p><strong>Vizepr\u00e4sident Finanzen<\/strong><br>Olaf Winterwerb, Weidegrund 41, 59557 Lippstadt, Tel.: 02941 14093, E-Mail:&nbsp;<a href=\"mailto:o.winterwerb@o2online.de\">o.winterwerb@o2online.de<\/a><br><br><strong>Vizepr\u00e4sident Leistungs- und Breitensport<br><\/strong>Andreas Jagodzinsky, &nbsp;Beethovenstra\u00dfe. 26, 58675 Hemer, Tel.:&nbsp;0163 2925106,&nbsp;E-Mail:&nbsp;<a href=\"mailto:andreasjagodzinsky@gmx.de\"><\/a><a href=\"mailto:andreas.jagodzinsky@schach-nrw.de\">andreas.jagodzinsky@schach-nrw.de<\/a><\/p>\n\n\n\n<p><strong>Turnierdirektor<\/strong><br>Frank Strozewski, Eichendorffstra\u00dfe 9, 45739 Oer-Erkenschwick, Tel.: 02368 98026, Mobil: 0170 3444517, E-Mail:&nbsp;<a href=\"mailto:strozewski@t-online.de\">strozewski@t-online.de<\/a><\/p>\n\n\n\n<p><strong>Vertreter der Jugend<\/strong><br>Jannik Liebelt, <a href=\"mailto:jannik.liebelt@sjnrw.de\">jannik.liebelt@sjnrw.de<\/a><\/p>\n\n\n\n<p><strong>Vertreter des&nbsp;SV Ruhrgebiet<\/strong>&nbsp;<br>Ralf Chadt-Rausch, Oberdorfstra\u00dfe 28, 44309 Dortmund, Tel.: 0231 9252220, E-Mail:&nbsp;<a href=\"mailto:r-chadt@t-online.de\">r-chadt@t-online.de<\/a><\/p>\n\n\n\n<p><strong>Vertreter des SV Ostwestfalen-Lippe<\/strong><br>Hermann Dieckmann, Gehlenbrink 54, 32139 Spenge, Tel.: 05225 2057, E-Mail:&nbsp;<a href=\"mailto:hermann.dieckmann@t-online.de\">hermann.dieckmann@t-online.de<\/a><\/p>\n\n\n\n<p><strong>Vertreter des SV Mittelrhein<\/strong><br>Frank Hoffmann, Friedrich-Goetze-Stra\u00dfe 17, 51399 Burscheid, Tel.: 02174&nbsp;6661952, E-Mail:&nbsp;<a href=\"mailto:hopeman63@gmx.de\">hopeman63@gmx.de<\/a><\/p>\n\n\n\n<p><strong>Vertreter des SV M\u00fcnsterland<\/strong><br>Achim M\u00fcller,&nbsp;Ederweg 3,&nbsp;48431 Rheine, Tel.: 0163 8458340, E-Mail:&nbsp;<a href=\"mailto:acepoint@gmail.com\">acepoint@gmail.com<\/a><\/p>\n\n\n\n<p><strong>Vertreter SV S\u00fcdwestfalen<\/strong><br>Christof Dinter, Mescheder Stra\u00dfe 23, 59846 Sundern, Tel.: 02933 7519, Mobil: 0172 1889944, E-Mail:&nbsp;<a href=\"mailto:christofdinter@web.de\">christofdinter@web.de<\/a>&nbsp;<\/p>\n\n\n\n<p><strong>Vertreter des Niederrheinischer SV 1901<\/strong><br>Jan Werner, Brehmstra\u00dfe 51,&nbsp;40239 D\u00fcsseldorf, Mobil: 0151 15111801, E-Mail:&nbsp;<a href=\"mailto:janwerner111@gmx.de\"><\/a><a href=\"mailto:janwerner111@gmx.de\">janwerner111@gmx.de<\/a>&nbsp;<\/p>\n","protected":false},"excerpt":{"rendered":"<p>Pr\u00e4sidentRalf Chadt-Rausch, Oberdorfstra\u00dfe 28, 44309 Dortmund, Tel.: 0170 5211286, E-Mail:&nbsp;r-chadt@t-online.de Vizepr\u00e4sident FinanzenOlaf Winterwerb, Weidegrund 41, 59557 Lippstadt, Tel.: 02941 14093, E-Mail:&nbsp;o.winterwerb@o2online.de Vizepr\u00e4sident Leistungs- und BreitensportAndreas Jagodzinsky, &nbsp;Beethovenstra\u00dfe. 26, 58675 Hemer, Tel.:&nbsp;0163 2925106,&nbsp;E-Mail:&nbsp;andreas.jagodzinsky@schach-nrw.de TurnierdirektorFrank Strozewski, Eichendorffstra\u00dfe 9, 45739 Oer-Erkenschwick, Tel.: 02368 98026, Mobil: 0170 3444517, E-Mail:&nbsp;strozewski@t-online.de Vertreter der JugendJannik Liebelt, jannik.liebelt@sjnrw.de Vertreter des&nbsp;SV Ruhrgebiet&nbsp;Ralf Chadt-Rausch, Oberdorfstra\u00dfe [&hellip;]<\/p>\n","protected":false},"author":1,"featured_media":0,"parent":0,"menu_order":0,"comment_status":"closed","ping_status":"closed","template":"","meta":{"footnotes":""},"class_list":["post-210","page","type-page","status-publish","hentry"],"_links":{"self":[{"href":"https:\/\/schach-in-nrw.de\/index.php?rest_route=\/wp\/v2\/pages\/210","targetHints":{"allow":["GET"]}}],"collection":[{"href":"https:\/\/schach-in-nrw.de\/index.php?rest_route=\/wp\/v2\/pages"}],"about":[{"href":"https:\/\/schach-in-nrw.de\/index.php?rest_route=\/wp\/v2\/types\/page"}],"author":[{"embeddable":true,"href":"https:\/\/schach-in-nrw.de\/index.php?rest_route=\/wp\/v2\/users\/1"}],"replies":[{"embeddable":true,"href":"https:\/\/schach-in-nrw.de\/index.php?rest_route=%2Fwp%2Fv2%2Fcomments&post=210"}],"version-history":[{"count":7,"href":"https:\/\/schach-in-nrw.de\/index.php?rest_route=\/wp\/v2\/pages\/210\/revisions"}],"predecessor-version":[{"id":3135,"href":"https:\/\/schach-in-nrw.de\/index.php?rest_route=\/wp\/v2\/pages\/210\/revisions\/3135"}],"wp:attachment":[{"href":"https:\/\/schach-in-nrw.de\/index.php?rest_route=%2Fwp%2Fv2%2Fmedia&parent=210"}],"curies":[{"name":"wp","href":"https:\/\/api.w.org\/{rel}","templated":true}]}}