{"id":214,"date":"2021-11-14T12:42:23","date_gmt":"2021-11-14T12:42:23","guid":{"rendered":"https:\/\/schach-in-nrw.de\/?page_id=214"},"modified":"2026-03-22T03:35:49","modified_gmt":"2026-03-22T03:35:49","slug":"bundesturniergericht","status":"publish","type":"page","link":"https:\/\/schach-in-nrw.de\/?page_id=214","title":{"rendered":"Bundesturniergericht"},"content":{"rendered":"\n<p><strong>Vorsitzender des Bundesturniergerichts<\/strong><br>Oliver Kniest, Schwanenstra\u00dfe 23, 42697 Solingen, E-Mail: <a href=\"mailto:okniest@web.de\">okniest@web.de<\/a><\/p>\n\n\n\n<p><strong>Stellvertretender Vorsitzender des Bundesturniergericht<\/strong>s<br>Norbert Hufelschulte, Hasenstra\u00dfe 52, 59071 Hamm, E-Mail: <a href=\"mailto:hufelschulte@web.de\">hufelschulte@web.de<\/a><\/p>\n\n\n\n<p><strong>Beisitzer des Bundesturniergericht<\/strong>s<br>Dr. Johannes Baier, Kirchenstra\u00dfe 52, 52146 W\u00fcrselen, E-Mail: <a href=\"mailto:baier.johannes@gmx.de\">baier.johannes@gmx.de<\/a><\/p>\n\n\n\n<p><strong>Stellvertretender Beisitzer des Bundesturniergerichts<\/strong><br>Andreas Schell, Benolper Stra\u00dfe 26, 57489 Drolshagen, E-Mail: <a href=\"mailto:andreasschell@t-online.de\">andreasschell@t-online.de<\/a><\/p>\n\n\n\n<p><strong>Stellvertretender Beisitzer des Bundesturniergerichts<\/strong><br>Jeffrey Paulus, Annastra\u00dfe 67, 40477 D\u00fcsseldorf, E-Mail: <a href=\"http:\/\/Mailto;jeffrey.paulus@gmx.de\" data-type=\"link\" data-id=\"Mailto;jeffrey.paulus@gmx.de\">jeffrey.paulus@gmx.de <\/a><\/p>\n","protected":false},"excerpt":{"rendered":"<p>Vorsitzender des BundesturniergerichtsOliver Kniest, Schwanenstra\u00dfe 23, 42697 Solingen, E-Mail: okniest@web.de Stellvertretender Vorsitzender des BundesturniergerichtsNorbert Hufelschulte, Hasenstra\u00dfe 52, 59071 Hamm, E-Mail: hufelschulte@web.de Beisitzer des BundesturniergerichtsDr. Johannes Baier, Kirchenstra\u00dfe 52, 52146 W\u00fcrselen, E-Mail: baier.johannes@gmx.de Stellvertretender Beisitzer des BundesturniergerichtsAndreas Schell, Benolper Stra\u00dfe 26, 57489 Drolshagen, E-Mail: andreasschell@t-online.de Stellvertretender Beisitzer des BundesturniergerichtsJeffrey Paulus, Annastra\u00dfe 67, 40477 D\u00fcsseldorf, E-Mail: jeffrey.paulus@gmx.de<\/p>\n","protected":false},"author":1,"featured_media":0,"parent":0,"menu_order":0,"comment_status":"closed","ping_status":"closed","template":"","meta":{"footnotes":""},"class_list":["post-214","page","type-page","status-publish","hentry"],"_links":{"self":[{"href":"https:\/\/schach-in-nrw.de\/index.php?rest_route=\/wp\/v2\/pages\/214","targetHints":{"allow":["GET"]}}],"collection":[{"href":"https:\/\/schach-in-nrw.de\/index.php?rest_route=\/wp\/v2\/pages"}],"about":[{"href":"https:\/\/schach-in-nrw.de\/index.php?rest_route=\/wp\/v2\/types\/page"}],"author":[{"embeddable":true,"href":"https:\/\/schach-in-nrw.de\/index.php?rest_route=\/wp\/v2\/users\/1"}],"replies":[{"embeddable":true,"href":"https:\/\/schach-in-nrw.de\/index.php?rest_route=%2Fwp%2Fv2%2Fcomments&post=214"}],"version-history":[{"count":3,"href":"https:\/\/schach-in-nrw.de\/index.php?rest_route=\/wp\/v2\/pages\/214\/revisions"}],"predecessor-version":[{"id":3120,"href":"https:\/\/schach-in-nrw.de\/index.php?rest_route=\/wp\/v2\/pages\/214\/revisions\/3120"}],"wp:attachment":[{"href":"https:\/\/schach-in-nrw.de\/index.php?rest_route=%2Fwp%2Fv2%2Fmedia&parent=214"}],"curies":[{"name":"wp","href":"https:\/\/api.w.org\/{rel}","templated":true}]}}