{"id":220,"date":"2021-11-14T12:44:21","date_gmt":"2021-11-14T12:44:21","guid":{"rendered":"https:\/\/schach-in-nrw.de\/?page_id=220"},"modified":"2026-03-22T03:39:21","modified_gmt":"2026-03-22T03:39:21","slug":"beauftragte","status":"publish","type":"page","link":"https:\/\/schach-in-nrw.de\/?page_id=220","title":{"rendered":"Beauftragte"},"content":{"rendered":"\n<p><strong>Safe Sport &#8211; Schutz vor sexualisierter Gewalt im Sport <\/strong><br>Olaf Winterwerb, Weidegrund 41, 59557 Lippstadt, Tel. 02941 14093,&nbsp;<a href=\"mailto:o.winterwerb@o2online.de\">o.winterwerb@o2online.de<\/a><\/p>\n\n\n\n<p><strong>Spielbetrieb<\/strong><br>Dr. Andreas Junk, Bainingstr. 87, 48165 M\u00fcnster, Tel.: 02501 261780, E-Mail:&nbsp;<a href=\"mailto:pterhuven@yahoo.de\"><\/a><a href=\"mailto:a.junk@physol.com\">a.junk@physol.com<\/a><\/p>\n\n\n\n<p><strong>Wertungsbeauftragter<\/strong><br>Stefan Lattermann, Tel. 0221 762428, E-Mail:&nbsp;<a href=\"mailto:dwz@schach-in-nrw.de\" target=\"_blank\" rel=\"noreferrer noopener\">dwz@schach-in-nrw.de<\/a><\/p>\n\n\n\n<p><strong>Rechtsberater<\/strong><br>Ralf Schlaap, Erlenstra\u00dfe 29, 59063 Hamm, Tel.: 02381 21112, E-Mail:&nbsp;<a href=\"mailto:ralf.schlaap@schlaap.de\">ralf.schlaap@schlaap.de<\/a><\/p>\n\n\n\n<p><strong>Leiter der Gesch\u00e4ftsstelle, DV (Mitgliederverwaltung) &#8211; u. Anti-Doping<\/strong><br>Ralf Chadt-Rausch, Oberdorfstra\u00dfe 28, 44309 Dortmund, Tel.: 0170 5211286, E-Mail:\u00a0<a href=\"mailto:r-chadt@t-online.de\">r-chadt@t-online.de<\/a><\/p>\n\n\n\n<p><\/p>\n\n\n\n<p><\/p>\n","protected":false},"excerpt":{"rendered":"<p>Safe Sport &#8211; Schutz vor sexualisierter Gewalt im Sport Olaf Winterwerb, Weidegrund 41, 59557 Lippstadt, Tel. 02941 14093,&nbsp;o.winterwerb@o2online.de SpielbetriebDr. Andreas Junk, Bainingstr. 87, 48165 M\u00fcnster, Tel.: 02501 261780, E-Mail:&nbsp;a.junk@physol.com WertungsbeauftragterStefan Lattermann, Tel. 0221 762428, E-Mail:&nbsp;dwz@schach-in-nrw.de RechtsberaterRalf Schlaap, Erlenstra\u00dfe 29, 59063 Hamm, Tel.: 02381 21112, E-Mail:&nbsp;ralf.schlaap@schlaap.de Leiter der Gesch\u00e4ftsstelle, DV (Mitgliederverwaltung) &#8211; u. Anti-DopingRalf Chadt-Rausch, Oberdorfstra\u00dfe [&hellip;]<\/p>\n","protected":false},"author":1,"featured_media":0,"parent":0,"menu_order":0,"comment_status":"closed","ping_status":"closed","template":"","meta":{"footnotes":""},"class_list":["post-220","page","type-page","status-publish","hentry"],"_links":{"self":[{"href":"https:\/\/schach-in-nrw.de\/index.php?rest_route=\/wp\/v2\/pages\/220","targetHints":{"allow":["GET"]}}],"collection":[{"href":"https:\/\/schach-in-nrw.de\/index.php?rest_route=\/wp\/v2\/pages"}],"about":[{"href":"https:\/\/schach-in-nrw.de\/index.php?rest_route=\/wp\/v2\/types\/page"}],"author":[{"embeddable":true,"href":"https:\/\/schach-in-nrw.de\/index.php?rest_route=\/wp\/v2\/users\/1"}],"replies":[{"embeddable":true,"href":"https:\/\/schach-in-nrw.de\/index.php?rest_route=%2Fwp%2Fv2%2Fcomments&post=220"}],"version-history":[{"count":13,"href":"https:\/\/schach-in-nrw.de\/index.php?rest_route=\/wp\/v2\/pages\/220\/revisions"}],"predecessor-version":[{"id":3125,"href":"https:\/\/schach-in-nrw.de\/index.php?rest_route=\/wp\/v2\/pages\/220\/revisions\/3125"}],"wp:attachment":[{"href":"https:\/\/schach-in-nrw.de\/index.php?rest_route=%2Fwp%2Fv2%2Fmedia&parent=220"}],"curies":[{"name":"wp","href":"https:\/\/api.w.org\/{rel}","templated":true}]}}