{"id":226,"date":"2025-12-18T08:42:03","date_gmt":"2025-12-18T08:42:03","guid":{"rendered":"https:\/\/schach-in-nrw.de\/?page_id=226"},"modified":"2026-02-17T10:13:54","modified_gmt":"2026-02-17T10:13:54","slug":"bundeskongress-2023","status":"publish","type":"page","link":"https:\/\/schach-in-nrw.de\/?page_id=226","title":{"rendered":"BUNDESKONGRESS DES SCHACHBUNDES NRW 2026"},"content":{"rendered":"\n<p>Liebe Schachfreundinnen,<br>liebe Schachfreunde,<\/p>\n\n\n\n<p>hiermit lade ich Euch zum Bundeskongress des Schachbundes NRW e.V. am 21.03.2026 um 14:00 Uhr ein.<\/p>\n\n\n\n<p>Der Kongress findet im Quality Hotel, Lippertor 1 in 59555 Lippstadt statt.<br><br><strong>Tagesordnung<br><\/strong>1. Begr\u00fc\u00dfung<br>2. Er\u00f6ffnung der Versammlung<br>3. Feststellung der Anwesenden und der Stimmenverteilung<br>4. Ernennung eines Protokollf\u00fchrers<br>5. Feststellung der ordnungsgem\u00e4\u00dfen Ladung<br>6. Feststellung der Beschlussf\u00e4higkeit<br>7. Genehmigung der Tagesordnung<br>8. Ehrungen<br>9. Jahresbericht des Vorstands f\u00fcr das abgelaufene Jahr 2025<br>10. Finanzbericht des Vizepr\u00e4sidenten Finanzen<br>11. Aussprache \u00fcber die Berichte<br>12. Bericht der Rechnungspr\u00fcfer<br>13. Entlastung des Vorstands<br>14. Wahlen<br> &#8211; stellvertretender Beisitzer des Bundesschiedsgerichts<br> &#8211; stellvertretender Beisitzer des Bundesturniergerichts<br>15. Antr\u00e4ge zur Satzung<br>16. weitere Antr\u00e4ge<br>17. Genehmigung des Haushaltsplans<br>\u00a0\u00a0\u00a0\u00a0 \u00a0 &#8211; Nachtragshaushalt 2026<br>\u00a0\u00a0\u00a0\u00a0 \u00a0 &#8211; Haushalt 2027<br>18. Terminplanung<br>\u00a0\u00a0\u00a0\u00a0\u00a0\u00a0 &#8211; geplant Bundeskongress des Schachbundes NRW\u00a0am 21.03.2027<br>\u00a0\u00a0\u00a0\u00a0\u00a0\u00a0\u00a0\u00a0 mit einer Arbeitstagung am 20.03.2027 in Billerbeck<br>19. Sonstiges<\/p>\n\n\n\n<p>Antr\u00e4ge sind bis zum 13.02.2026 in der Gesch\u00e4ftsstelle des Schachbundes NRW (Gro\u00dfenbaumer Allee 121, 47269 Duisburg, info@schach-in-nrw.de) gem\u00e4\u00df der Gesch\u00e4ftsordnung einzureichen.<br><br>Dortmund, den 30.11.2025<br>Ralf Chadt-Rausch, Pr\u00e4sident des Schachbundes NRW e.V.<\/p>\n","protected":false},"excerpt":{"rendered":"<p>Liebe Schachfreundinnen,liebe Schachfreunde, hiermit lade ich Euch zum Bundeskongress des Schachbundes NRW e.V. am 21.03.2026 um 14:00 Uhr ein. Der Kongress findet im Quality Hotel, Lippertor 1 in 59555 Lippstadt statt. Tagesordnung1. Begr\u00fc\u00dfung2. Er\u00f6ffnung der Versammlung3. Feststellung der Anwesenden und der Stimmenverteilung4. Ernennung eines Protokollf\u00fchrers5. Feststellung der ordnungsgem\u00e4\u00dfen Ladung6. Feststellung der Beschlussf\u00e4higkeit7. Genehmigung der Tagesordnung8. [&hellip;]<\/p>\n","protected":false},"author":1,"featured_media":0,"parent":0,"menu_order":0,"comment_status":"closed","ping_status":"closed","template":"","meta":{"footnotes":""},"class_list":["post-226","page","type-page","status-publish","hentry"],"_links":{"self":[{"href":"https:\/\/schach-in-nrw.de\/index.php?rest_route=\/wp\/v2\/pages\/226","targetHints":{"allow":["GET"]}}],"collection":[{"href":"https:\/\/schach-in-nrw.de\/index.php?rest_route=\/wp\/v2\/pages"}],"about":[{"href":"https:\/\/schach-in-nrw.de\/index.php?rest_route=\/wp\/v2\/types\/page"}],"author":[{"embeddable":true,"href":"https:\/\/schach-in-nrw.de\/index.php?rest_route=\/wp\/v2\/users\/1"}],"replies":[{"embeddable":true,"href":"https:\/\/schach-in-nrw.de\/index.php?rest_route=%2Fwp%2Fv2%2Fcomments&post=226"}],"version-history":[{"count":28,"href":"https:\/\/schach-in-nrw.de\/index.php?rest_route=\/wp\/v2\/pages\/226\/revisions"}],"predecessor-version":[{"id":3096,"href":"https:\/\/schach-in-nrw.de\/index.php?rest_route=\/wp\/v2\/pages\/226\/revisions\/3096"}],"wp:attachment":[{"href":"https:\/\/schach-in-nrw.de\/index.php?rest_route=%2Fwp%2Fv2%2Fmedia&parent=226"}],"curies":[{"name":"wp","href":"https:\/\/api.w.org\/{rel}","templated":true}]}}