{"id":234,"date":"2021-11-14T12:54:16","date_gmt":"2021-11-14T12:54:16","guid":{"rendered":"https:\/\/schach-in-nrw.de\/?page_id=234"},"modified":"2025-06-21T13:48:54","modified_gmt":"2025-06-21T13:48:54","slug":"ehrenbriefe","status":"publish","type":"page","link":"https:\/\/schach-in-nrw.de\/?page_id=234","title":{"rendered":"Ehrenbriefe"},"content":{"rendered":"\n<p><strong>75 Jahre Mitgliedschaft<\/strong><\/p>\n\n\n\n<p>Ernst-Ludwig Buschhaus, Hugo Hellwig, Claus-Peter Levermann, Georg Niestroj, Hans-Dieter Sundermeier, Emil Wesser.<\/p>\n\n\n\n<p><strong>70 Jahre Mitgliedschaft<\/strong><\/p>\n\n\n\n<p>Manfred Boeven, Ernst-Ludwig Buschhaus, Harald Cron, Friedel\u00a0Josting, Heinz Konrad, Joachim M\u00fcller, Werner Nautsch, Karl-Wolfgang Nettesheim, Georg Niestroj, Hans-Hubert Nolte, Willy Rosen, Walter Sandmann, Alfred Schlya, Eugen Schulz, Hans-Dieter Sundermeier, Rudolf Vogt, Emil Wesser<\/p>\n\n\n\n<p><strong>60 Jahre Mitgliedschaft<\/strong><\/p>\n\n\n\n<p>Reimund Adam, Heinz Aldenhoven, Rainer Altrock, Hans-Josef Arts, J\u00f6rg Baden, Martin Baltes, Manfred Bambach, Christoph Beierle, Edmund Biekowski, Eberhard Bie\u00dfner, Hans-Josef B\u00f6ing, Richard B\u00f6lting, Siegfried B\u00f6ttger, Ernst-Ludwig Buschhaus, Herbert Cloosters, Harald Cron, Michael D\u00f6rr, Erich Drensek, Egon Evertz, Heinz Feuring, Gerhard Fischer, Horst Forstmann, Rudolf Fricke, Theo Funke, Horst Geuer, Wolfgang-Udo Grundmann, Hugo Hellwig, Dieter Hilse, Georg Hinz, Friedel Josting, Franz-Josef Karthaus, Herbert Klein, Eva Kl\u00f6ckner, Rolf Kl\u00fcser, Werner Kn\u00f6pper, Gerhard K\u00fcster, Philipp Lenemann, Rolf Lindemann, Hans L\u00f6ffler, Ralph Mallee, Hubert Meschede, Joachim M\u00fcller, Joachim Musholt, Karl-Wolfgang Nettesheim, Walter Niemann, Georg Niestroj, Hans-Hubert Nolte, Karlheinz Ohrmann, Rigobert Ophoff, Heinz Passenheim, Peter Pingen, Oskar Przygodda, Karl-Heinz Regber, Werner Regber, Dieter Rex, Walter Sandmann, J\u00fcrgen Schacht, Fritz Schenk, Hubert Schlotmann, Alfred Schlya, Manfred Schmeing, Walter Schmeing, Helmut Scholz, G\u00fcnther Schomaker, Eugen Schulz, Ulrich Sch\u00fcrmann, Dieter Stueber, Hans-Dieter Sundermeier, Alois Tack, Heinz Thelen, Peter Turek, Peter Wagner, Emil Wesser, Erich Weyrauch, Toni Winkels, Otto Winkler.<\/p>\n\n\n\n<p><strong>50 Jahre Mitgliedschaft<\/strong><\/p>\n\n\n\n<p>Reimund Adam, Heinz Aldenhoven, Gerd Arlt, Hans-Josef Arts, Rolf Bachmann, Manfred Bambach, Bernhard Becker, Jochen Besser, Dietmar Beyer, Edmund Biekowski, Eberhard Bie\u00dfner, Manfred B\u00f6cker, Willi B\u00f6ckers, Ralf B\u00f6ckstiegel, Franz-Josef B\u00f6ing, Hans-Josef B\u00f6ing, Richard B\u00f6lting, Richard B\u00f6mer, Siegfried B\u00f6ttger, Klaus Bredenk\u00f6tter, Dietmar Breme, Helmut Bremer, Ernst-Ludwig Buschhaus, Gerd Capelan, Ralf Chadt-Rausch, Herbert Cloosters, Walter Cordes, Helmut Crell, Harald Cron, Klaus Deitmers, Winfried Dick, Bodo Dickel, Christof Dinter, Hans-Wolfgang Dittmann, Elmar D\u00f6nnebrink, Michael D\u00f6rr, Karlheinz D\u00fcrselen, Klaus-Dieter Ebert, Edgar Elges, Alice Emming, Manfred Enders, Werner Fehmers, Andreas Feit, Bernd Fischer, Gerhard Fischer, J\u00fcrgen Fischer, Bernhard Fleischer, Hans-J\u00fcrgen Fresen, Reinhard Friemel, Karl Frings, Hans-J\u00f6rg Fritz, G\u00fcnter Fr\u00fctel, Theo Funke, Heinz Georg, Hans Hermann Gerhard, Horst Geuer, J\u00fcrgen G\u00f6ldenboog, Hans G\u00f6rtz, Hans Georg Gro\u00dfe, Albert Grundh\u00f6fer, Wolfgang-Udo Grundmann, Ulrich Hagemeier, Georg Hagenhoff, Bernd Hanisch, Wilfried Harff, Edwin Harlos, Theo Hart, Horst Hartzer, Wolfgang Hater, Bernhard Heiduck, Horst Hellbing, Werner Hellmann, Peter Herr\u00f6der, Heinz-Burkhard Heuermann, Dieter Hilse, Martin Hinse, Georg Hinz, Jutta-Dorothea Hochuli, Willi Hollekamp, Siegfried H\u00f6lting, Friedhelm H\u00f6pken, Heinz Ho\u00dfdorf, Rolf Hunold, Walter Irl\u00e4nder, Richard Jankowski, Udo Janssen, G\u00fcnter Jopp, Friedel Josting, Hans Kalkmann, Franz-Josef Karthaus, Horst Katzky, Friedhelm Kerres, Peter Kevekordes, Bruno Klein, Herbert Klein, Manfred Klein, Wolfgang Klietsch, Dieter Kling, Ralf Klinkhammer, Eva Kl\u00f6ckner, Josef Kloster, Rolf Kl\u00fcser, Reiner Kl\u00fcting, Karl Kneip, Werner Kn\u00f6pper, Wolfgang Koerver, Heinz Konrad, Ulrich Kraus, Peter Krause, Ulrich Kreitz, Reinhold Kreutzkamp, Erich Kr\u00fcger, Norbert Kr\u00fcger, Peter Kruse, Alfred Kuhlenb\u00e4umer, Bernd Kullack, Gerhard K\u00fcster, Reinhard Laake, Heinz Lanfermann, Heinz Langenfeld, Dirk Leimk\u00fchler, Philipp Lenemann, Guntram Lenz, Rolf Lindemann, Michael Loemker, Hans L\u00f6ffler, Klaus Lohmann, Felix L\u00fcdiger, Wilhelm L\u00fcrick, Reinhold Machalitza, Hartmut Mai, Ralph Mallee, Dorothea Martens, Fritz Masuhr, Thomas Mau, Dieter Mayer, Georg Meirick, Gerhard Meiwald, Bernhard Melchior, Hubert Meschede, Ulrich Milz, Andreas Mlakar, Peter Mommertz, Hans-Peter M\u00fcller, Joachim M\u00fcller, Klaus M\u00fcnster, Siegfried Muschalle, Joachim Musholt, Werner Nautsch, Hans-Joachim Neese, Hans-Gerd Nestmann, Walter Niemann, Georg Niestroj, Hans-Hubert Nolte, Udo Nolte, Bernhard Nu\u00dfbaumer, Karlheinz Ohrmann, Hans-Helmut Olf, Rigobert Ophoff, Helmut Overk\u00e4mping, Karl-Heinz Palatzky, Karl-Hermann Papenkordt, Franz Paus, Udo Penter, Hans Pesch, Friedhelm Peske, Reinhard Pitz, Heinz-G\u00fcnter Poser, Lore Preiss, Wolfgang Pr\u00fcfer, Herbert Pusch, Helmut Quelle, Karl Rathmer, Karl-Heinz Regber, Werner Regber, Alex Rehbein, Dieter Rex, Wolfgang Richter, Alfred Richters, J\u00fcrgen Riesenbeck, Hans-J\u00fcrgen Roos, Willy Rosen, J\u00fcrgen Rudlof, Helmut Rumpf, Hans Rybicki, Klaus Rydzewski, Walter Sandmann, Lutz Sandorf, Erna Schaar, J\u00fcrgen Schacht, Werner Scheibe, Fritz Schenk, Rolf Schimpf, Dieter Schittek, Hubert Schlichtmann, Hubert Schlotmann, Alfred Schlya, Hubert Schmeing, Manfred Schmeing, Walter Schmeing, Hermann Schmitz, Hans-Joachim Schneider, Eduard Scholderer, Helmut Scholz, G\u00fcnther Schomaker, Helmut Schorra, Klaus Schreiber, Ralf Schreiber, Regina Schuh, Horst Schulte-Br\u00e4ucker, Eugen Schulz, Ulrich Sch\u00fcrmann, Helmut S\u00f6bbing, Thomas S\u00f6bbing, Kurt Spoden, Gerd Sp\u00f6ler, Jens Stadtmann, Dr. J\u00f6rg Stender, Eberhard Stenger, Gunther Stephan, Walter Stiehl, Manfred Stockhecke, Rudolf St\u00f6hrer, Dieter Stueber, Ralf S\u00fcllwald, Hans-Dieter Sundermeier, Rudolf Tamm, Karl-Hartmut Tappen, Udo Teich, Hermann Tenhagen, Heinz Thelen, Gregor Thesing, Wolfgang Tietze, Norbert Timpe, Peter Tobczewski, Wilhelm Tobusch, Detlef Treese, Germar Unterlechner, Rudolf Vogt, Hans-Werner Vonk, Hubertus Voss, Peter Wagner, Ulrich Wagner, Dieter Wallhof, Dirk Weitzel, Christopher Welling, Joachim Wesener, Hermann-Josef Wetzka, Dr. Hans-J\u00fcrgen Weyer, Erich Weyrauch, Josef Wienen, Siegfried Wilbert, Wilhelm-Josef Wilting, Toni Winkels, Otto Winkler, Ingo Z\u00f6ltzer.<\/p>\n","protected":false},"excerpt":{"rendered":"<p>75 Jahre Mitgliedschaft Ernst-Ludwig Buschhaus, Hugo Hellwig, Claus-Peter Levermann, Georg Niestroj, Hans-Dieter Sundermeier, Emil Wesser. 70 Jahre Mitgliedschaft Manfred Boeven, Ernst-Ludwig Buschhaus, Harald Cron, Friedel\u00a0Josting, Heinz Konrad, Joachim M\u00fcller, Werner Nautsch, Karl-Wolfgang Nettesheim, Georg Niestroj, Hans-Hubert Nolte, Willy Rosen, Walter Sandmann, Alfred Schlya, Eugen Schulz, Hans-Dieter Sundermeier, Rudolf Vogt, Emil Wesser 60 Jahre Mitgliedschaft Reimund [&hellip;]<\/p>\n","protected":false},"author":1,"featured_media":0,"parent":0,"menu_order":0,"comment_status":"closed","ping_status":"closed","template":"","meta":{"footnotes":""},"class_list":["post-234","page","type-page","status-publish","hentry"],"_links":{"self":[{"href":"https:\/\/schach-in-nrw.de\/index.php?rest_route=\/wp\/v2\/pages\/234","targetHints":{"allow":["GET"]}}],"collection":[{"href":"https:\/\/schach-in-nrw.de\/index.php?rest_route=\/wp\/v2\/pages"}],"about":[{"href":"https:\/\/schach-in-nrw.de\/index.php?rest_route=\/wp\/v2\/types\/page"}],"author":[{"embeddable":true,"href":"https:\/\/schach-in-nrw.de\/index.php?rest_route=\/wp\/v2\/users\/1"}],"replies":[{"embeddable":true,"href":"https:\/\/schach-in-nrw.de\/index.php?rest_route=%2Fwp%2Fv2%2Fcomments&post=234"}],"version-history":[{"count":9,"href":"https:\/\/schach-in-nrw.de\/index.php?rest_route=\/wp\/v2\/pages\/234\/revisions"}],"predecessor-version":[{"id":2819,"href":"https:\/\/schach-in-nrw.de\/index.php?rest_route=\/wp\/v2\/pages\/234\/revisions\/2819"}],"wp:attachment":[{"href":"https:\/\/schach-in-nrw.de\/index.php?rest_route=%2Fwp%2Fv2%2Fmedia&parent=234"}],"curies":[{"name":"wp","href":"https:\/\/api.w.org\/{rel}","templated":true}]}}