{"id":2468,"date":"2024-12-23T09:53:35","date_gmt":"2024-12-23T09:53:35","guid":{"rendered":"https:\/\/schach-in-nrw.de\/?page_id=2468"},"modified":"2025-09-22T13:42:33","modified_gmt":"2025-09-22T13:42:33","slug":"ansprechpartner","status":"publish","type":"page","link":"https:\/\/schach-in-nrw.de\/?page_id=2468","title":{"rendered":"Ansprechpartner"},"content":{"rendered":"\n<p>Ansprechpartner Safe Sport beim Schachbund NRW e.V.<br>Olaf Winterwerb<br>Tel.: 02941 14093<br>Mail: <a href=\"mailto:o.winterwerb@o2online.de\">o.winterwerb@o2online.de<\/a><\/p>\n\n\n\n<p><strong>Beratungsstellen f\u00fcr Betroffene<\/strong><\/p>\n\n\n\n<p><strong>Hilfeportal sexueller Missbrauch<\/strong><br>Bundesweite kostenfreie und anonyme Anlaufstelle f\u00fcr Betroffene von sexualisierter Gewalt<br>Telefon: 0800 2255530<\/p>\n\n\n\n<p><strong>Hilfetelefon &#8211; Gewalt gegen Frauen<\/strong><br>Beratung per E-Mail, Chat und Telefon f\u00fcr betroffene Frauen<br>Telefon: 08000 116016<\/p>\n\n\n\n<p><strong>Hilfetelefon &#8211; Gewalt gegen M\u00e4nner<\/strong><br>Beratung per E-Mail, Chat und Telefon f\u00fcr betroffene M\u00e4nner<br>Telefon: 08000 1239900<\/p>\n\n\n\n<p><strong>Juuuport.de \u2013 Hilfe bei Cybermobbing und andere Probleme im Netz<\/strong><br>Hilfe f\u00fcr Jugendliche und junge Erwachsene per Telefon und E-Mail<br>E-Mail: <a href=\"mailto:info@juuuport.de\">info@juuuport.de<\/a><\/p>\n\n\n\n<p><strong>Zartbitter e.V.<\/strong><br>Kontakt- und Informationsstelle gegen sexuellen Missbrauch an M\u00e4dchen und Jungen Kontakt: Telefonnummer 0221-312055, Mail: <a href=\"mailto:info@zartbitter.de\">info@zartbitter.de<\/a>, Internet: <a href=\"https:\/\/www.zartbitter.de\">https:\/\/www.zartbitter.de<\/a><\/p>\n\n\n\n<p><strong>Wei\u00dfer Ring<\/strong><br>Hilfe f\u00fcr Betroffene bei eingerichteten Beratungsstellen \u00fcber das Telefon und Online<br>Telefonnummer: 116 006, <a href=\"https:\/\/weisser-ring.de\">https:\/\/weisser-ring.de<\/a><\/p>\n\n\n\n<p><strong>Kein T\u00e4ter werden<\/strong><br>Das Pr\u00e4ventionsnetzwerk &#8222;Kein T\u00e4ter werden&#8220; bietet ein an allen Standorten kostenloses und durch die Schweigepflicht gesch\u00fctztes Behandlungsangebot f\u00fcr Menschen, die sich sexuell zu Kindern hingezogen f\u00fchlen und deshalb therapeutische Hilfe suchen. <a href=\"https:\/\/kein-taeter-werden.de\">https:\/\/kein-taeter-werden.de<\/a><\/p>\n","protected":false},"excerpt":{"rendered":"<p>Ansprechpartner Safe Sport beim Schachbund NRW e.V.Olaf WinterwerbTel.: 02941 14093Mail: o.winterwerb@o2online.de Beratungsstellen f\u00fcr Betroffene Hilfeportal sexueller MissbrauchBundesweite kostenfreie und anonyme Anlaufstelle f\u00fcr Betroffene von sexualisierter GewaltTelefon: 0800 2255530 Hilfetelefon &#8211; Gewalt gegen FrauenBeratung per E-Mail, Chat und Telefon f\u00fcr betroffene FrauenTelefon: 08000 116016 Hilfetelefon &#8211; Gewalt gegen M\u00e4nnerBeratung per E-Mail, Chat und Telefon f\u00fcr betroffene [&hellip;]<\/p>\n","protected":false},"author":1,"featured_media":0,"parent":0,"menu_order":0,"comment_status":"closed","ping_status":"closed","template":"","meta":{"footnotes":""},"class_list":["post-2468","page","type-page","status-publish","hentry"],"_links":{"self":[{"href":"https:\/\/schach-in-nrw.de\/index.php?rest_route=\/wp\/v2\/pages\/2468","targetHints":{"allow":["GET"]}}],"collection":[{"href":"https:\/\/schach-in-nrw.de\/index.php?rest_route=\/wp\/v2\/pages"}],"about":[{"href":"https:\/\/schach-in-nrw.de\/index.php?rest_route=\/wp\/v2\/types\/page"}],"author":[{"embeddable":true,"href":"https:\/\/schach-in-nrw.de\/index.php?rest_route=\/wp\/v2\/users\/1"}],"replies":[{"embeddable":true,"href":"https:\/\/schach-in-nrw.de\/index.php?rest_route=%2Fwp%2Fv2%2Fcomments&post=2468"}],"version-history":[{"count":4,"href":"https:\/\/schach-in-nrw.de\/index.php?rest_route=\/wp\/v2\/pages\/2468\/revisions"}],"predecessor-version":[{"id":2933,"href":"https:\/\/schach-in-nrw.de\/index.php?rest_route=\/wp\/v2\/pages\/2468\/revisions\/2933"}],"wp:attachment":[{"href":"https:\/\/schach-in-nrw.de\/index.php?rest_route=%2Fwp%2Fv2%2Fmedia&parent=2468"}],"curies":[{"name":"wp","href":"https:\/\/api.w.org\/{rel}","templated":true}]}}