{"id":286,"date":"2021-11-14T15:13:13","date_gmt":"2021-11-14T15:13:13","guid":{"rendered":"https:\/\/schach-in-nrw.de\/?page_id=286"},"modified":"2025-05-02T01:04:38","modified_gmt":"2025-05-02T01:04:38","slug":"blitz-mannschaftsmeister","status":"publish","type":"page","link":"https:\/\/schach-in-nrw.de\/?page_id=286","title":{"rendered":"Blitz-Mannschaftsmeister"},"content":{"rendered":"\n<p>2025 SG Porz<br>2024 SV M\u00fclheim-Nord<br>2023 SG Solingen<br>2022 D\u00fcsseldorfer SK<br>2021\u00a0Bochumer SV 02<br>2019 D\u00fcsseldorfer SK<br>2018 DJK Aufw\u00e4rts Aachen<br>2017 Bochumer SV 02<br>2016\u00a0DJK Aufw\u00e4rts Aachen<br>2015 SG Solingen<br>2014 DJK Aufw\u00e4rts Aachen<br>2013 SG Bochum 31<strong><br><\/strong>2012 SV M\u00fclheim-Nord<br>2011 DJK Aufw\u00e4rts Aachen<br>2010 Aachener SV<br>2009 DJK Aufw\u00e4rts Aachen<br>2008 SG 1868 Aljechin Solingen<br>2007 SV Wattenscheid 1930<br>2006 Godesberger SK<br>2005 SV M\u00fclheim-Nord<br>2004 SG 1868 Aljechin Solingen<br>2003 Turm Bergheim<br>2002 SV Wattenscheid 1930<br>2001 SV Wattenscheid 1930<br>2000 M\u00fcnster 32<br>1999 SF Katernberg<br>1998 SV Castrop-Rauxel<br>1997 SV \u00dcbach-Palenberg<br>1996 SV Castrop-Rauxel<br>1995 Aachener SV<br>1994 Godesberger SK<br>1993 SV Castrop-Rauxel<br>1992 SV Castrop-Rauxel<br>1991 SG Porz<br>1990 M\u00fcnster 32<br>1989 SG Porz<br>1988 SV Wattenscheid 1930<br>1987 SG Porz<br>1986 PSV \/ BSV Wuppertal<br>1985 Solinger SG 1868<br>1984 Bochum 31<br>1983 KS Nordwalde<br>1982 SV Wattenscheid 1930<br>1981 Rheydter SV<br>1980 SG Bochum 31<br>1979 SG Bochum 31<br>1978 Rochade D\u00fcsseldorf<br>1977 SF Katernberg<\/p>\n","protected":false},"excerpt":{"rendered":"<p>2025 SG Porz2024 SV M\u00fclheim-Nord2023 SG Solingen2022 D\u00fcsseldorfer SK2021\u00a0Bochumer SV 022019 D\u00fcsseldorfer SK2018 DJK Aufw\u00e4rts Aachen2017 Bochumer SV 022016\u00a0DJK Aufw\u00e4rts Aachen2015 SG Solingen2014 DJK Aufw\u00e4rts Aachen2013 SG Bochum 312012 SV M\u00fclheim-Nord2011 DJK Aufw\u00e4rts Aachen2010 Aachener SV2009 DJK Aufw\u00e4rts Aachen2008 SG 1868 Aljechin Solingen2007 SV Wattenscheid 19302006 Godesberger SK2005 SV M\u00fclheim-Nord2004 SG 1868 Aljechin Solingen2003 Turm [&hellip;]<\/p>\n","protected":false},"author":1,"featured_media":0,"parent":0,"menu_order":0,"comment_status":"closed","ping_status":"closed","template":"","meta":{"footnotes":""},"class_list":["post-286","page","type-page","status-publish","hentry"],"_links":{"self":[{"href":"https:\/\/schach-in-nrw.de\/index.php?rest_route=\/wp\/v2\/pages\/286","targetHints":{"allow":["GET"]}}],"collection":[{"href":"https:\/\/schach-in-nrw.de\/index.php?rest_route=\/wp\/v2\/pages"}],"about":[{"href":"https:\/\/schach-in-nrw.de\/index.php?rest_route=\/wp\/v2\/types\/page"}],"author":[{"embeddable":true,"href":"https:\/\/schach-in-nrw.de\/index.php?rest_route=\/wp\/v2\/users\/1"}],"replies":[{"embeddable":true,"href":"https:\/\/schach-in-nrw.de\/index.php?rest_route=%2Fwp%2Fv2%2Fcomments&post=286"}],"version-history":[{"count":4,"href":"https:\/\/schach-in-nrw.de\/index.php?rest_route=\/wp\/v2\/pages\/286\/revisions"}],"predecessor-version":[{"id":2734,"href":"https:\/\/schach-in-nrw.de\/index.php?rest_route=\/wp\/v2\/pages\/286\/revisions\/2734"}],"wp:attachment":[{"href":"https:\/\/schach-in-nrw.de\/index.php?rest_route=%2Fwp%2Fv2%2Fmedia&parent=286"}],"curies":[{"name":"wp","href":"https:\/\/api.w.org\/{rel}","templated":true}]}}